{"id":1444,"date":"2019-02-10T02:13:38","date_gmt":"2019-02-10T00:13:38","guid":{"rendered":"http:\/\/wordpress.sv-gonterskirchen.de\/?page_id=1444"},"modified":"2019-02-10T02:13:39","modified_gmt":"2019-02-10T00:13:39","slug":"kinderturnen","status":"publish","type":"page","link":"https:\/\/wordpress.sv-gonterskirchen.de\/?page_id=1444","title":{"rendered":"Kinderturnen"},"content":{"rendered":"\n<p> <br>Der SV Gonterskirchen hat sein Angebot f\u00fcr Kinder und Jugendliche erweitert und freut sich \u00fcber jeden, der Lust hat dieses zu nutzen. Auch Ausw\u00e4rtige sind herzlich eingeladen, in den \u00dcbungsstunden reinzuschnuppern und daran teilzunehmen. <br><br>Getroffen wird sich im Dorfgemeinschaftshaus Gonterskirchen, R\u00fcckfragen hierzu beantwortet Nina Wild (06405 \u2013 506335).<\/p>\n\n\n\n<p>Die Trainingszeiten und Altersklassen sind wie folgt:<\/p>\n\n\n\n<p><br> \u2022 Kinderturnen: Donnerstag von 15 \u2013 16 Uhr, Altersklasse 4 \u2013 8 Jahre<br>\u2022 Eltern-Kind-Turnen: Donnerstag von 16 \u2013 17 Uhr, Altersklasse 1 \u2013 4 Jahre <\/p>\n","protected":false},"excerpt":{"rendered":"<p>Der SV Gonterskirchen hat sein Angebot f\u00fcr Kinder und Jugendliche erweitert und freut sich \u00fcber jeden, der Lust hat dieses zu nutzen. Auch Ausw\u00e4rtige sind herzlich eingeladen, in den \u00dcbungsstunden reinzuschnuppern und daran teilzunehmen. Getroffen wird sich im Dorfgemeinschaftshaus Gonterskirchen, R\u00fcckfragen hierzu beantwortet Nina Wild (06405 \u2013 506335). Die Trainingszeiten und Altersklassen sind wie folgt: &hellip; <a href=\"https:\/\/wordpress.sv-gonterskirchen.de\/?page_id=1444\" class=\"more-link\"><span class=\"screen-reader-text\">Kinderturnen<\/span> weiterlesen <span class=\"meta-nav\">&rarr;<\/span><\/a><\/p>\n","protected":false},"author":1,"featured_media":0,"parent":0,"menu_order":0,"comment_status":"closed","ping_status":"closed","template":"","meta":{"footnotes":""},"class_list":["post-1444","page","type-page","status-publish","hentry"],"_links":{"self":[{"href":"https:\/\/wordpress.sv-gonterskirchen.de\/index.php?rest_route=\/wp\/v2\/pages\/1444","targetHints":{"allow":["GET"]}}],"collection":[{"href":"https:\/\/wordpress.sv-gonterskirchen.de\/index.php?rest_route=\/wp\/v2\/pages"}],"about":[{"href":"https:\/\/wordpress.sv-gonterskirchen.de\/index.php?rest_route=\/wp\/v2\/types\/page"}],"author":[{"embeddable":true,"href":"https:\/\/wordpress.sv-gonterskirchen.de\/index.php?rest_route=\/wp\/v2\/users\/1"}],"replies":[{"embeddable":true,"href":"https:\/\/wordpress.sv-gonterskirchen.de\/index.php?rest_route=%2Fwp%2Fv2%2Fcomments&post=1444"}],"version-history":[{"count":1,"href":"https:\/\/wordpress.sv-gonterskirchen.de\/index.php?rest_route=\/wp\/v2\/pages\/1444\/revisions"}],"predecessor-version":[{"id":1445,"href":"https:\/\/wordpress.sv-gonterskirchen.de\/index.php?rest_route=\/wp\/v2\/pages\/1444\/revisions\/1445"}],"wp:attachment":[{"href":"https:\/\/wordpress.sv-gonterskirchen.de\/index.php?rest_route=%2Fwp%2Fv2%2Fmedia&parent=1444"}],"curies":[{"name":"wp","href":"https:\/\/api.w.org\/{rel}","templated":true}]}}